{"id":1470,"date":"2021-06-21T12:43:41","date_gmt":"2021-06-21T12:43:41","guid":{"rendered":"https:\/\/blueiceexplorer.gl\/?page_id=1470"},"modified":"2021-07-27T08:34:25","modified_gmt":"2021-07-27T08:34:25","slug":"cookie-policy","status":"publish","type":"page","link":"https:\/\/blueiceexplorer.gl\/da\/cookie-policy\/","title":{"rendered":"Cookies"},"content":{"rendered":"<div data-elementor-type=\"wp-page\" data-elementor-id=\"1470\" class=\"elementor elementor-1470\" data-elementor-post-type=\"page\">\n\t\t\t\t\t\t<section class=\"elementor-section elementor-top-section elementor-element elementor-element-4db9f850 elementor-section-boxed elementor-section-height-default elementor-section-height-default\" data-id=\"4db9f850\" data-element_type=\"section\">\n\t\t\t\t\t\t<div class=\"elementor-container elementor-column-gap-default\">\n\t\t\t\t\t<div class=\"elementor-column elementor-col-100 elementor-top-column elementor-element elementor-element-5c6111c8\" data-id=\"5c6111c8\" data-element_type=\"column\">\n\t\t\t<div class=\"elementor-widget-wrap elementor-element-populated\">\n\t\t\t\t\t\t<div class=\"elementor-element elementor-element-7506c0a elementor-widget elementor-widget-heading\" data-id=\"7506c0a\" data-element_type=\"widget\" data-widget_type=\"heading.default\">\n\t\t\t\t<div class=\"elementor-widget-container\">\n\t\t\t\t\t<h2 class=\"elementor-heading-title elementor-size-default\">Cookies<\/h2>\t\t\t\t<\/div>\n\t\t\t\t<\/div>\n\t\t\t\t<div class=\"elementor-element elementor-element-22776b3e elementor-widget elementor-widget-text-editor\" data-id=\"22776b3e\" data-element_type=\"widget\" data-widget_type=\"text-editor.default\">\n\t\t\t\t<div class=\"elementor-widget-container\">\n\t\t\t\t\t\t\t\t\t<div class=\"cli_pg_page_contaner\"><div class=\"cli_pg_page_contaner\"><h3>Om denne cookiedeklaration<\/h3><div><p>Denne cookiedeklaration forklarer, hvad en cookie er, hvordan vi bruger dem, hvilken type cookies vi bruger, hvilken type information vi indsamler og hvordan vi bruger denne information. Du kan til enhver tid \u00e6ndre eller tilbagetr\u00e6kke dit samtykke fra denne cookiedeklaration.<\/p><p>Dit samtykke g\u00e6lder for f\u00f8lgende dom\u00e6ner: Blueiceexplorer.gl<\/p><p><div class=\"cli_user_consent_state\">Din nuv\u00e6rende tilstand: Ingen tilladelse givet. <a class=\"cli_manage_current_consent\" style=\"cursor:pointer;text-decoration:underline\">Administrer dit samtykke.<\/a> <\/div><\/p><\/div><h3>Hvad er cookies?<\/h3><div>Cookies er en lille datafil, som bliver glemt p\u00e5 din computer, tablet eller mobil, n\u00e5r du tilg\u00e5r vores hjemmeside. En cookie er ikke et program, der kan indeholde skadelige programmer eller virus. Cookies hj\u00e6lper med, at hjemmesiden fungerer optimalt, \u00f8get sikkerhed, en bedre brugeroplevelse og til at forst\u00e5 hvordan hjemmesiden performer og hvor, der skal optimeres.<\/div><div>\u00a0<\/div><h3>Hvordan anvender vi cookies?<\/h3><div><p>F\u00f8rsteparts cookies er n\u00f8dvendige for, at hjemmesiden kan fungere som tilt\u00e6nkt. Uden disse kan hjemmesiden ikke fungere optimalt. Tredjeparts cookies bruges til at forst\u00e5, hvordan vores hjemmeside performer og hvordan du interagerer med hjemmesiden for at kunne give dig den bedste brugeroplevelse, mens du er p\u00e5 vores site. Desuden anvendes tredjeparts cookies til at m\u00e5lrette vores annoncer over for dig p\u00e5 andre hjemmesider.<\/p><\/div><h3>Hvilke cookies anvender vi?<\/h3><div><p><strong>N\u00f8dvendige:<\/strong> <br \/>N\u00f8dvendige cookies er absolut n\u00f8dvendige for, at hjemmesiden kan fungere efter hensigten. Disse cookies sikrer basal funktionalitet og sikkerhed anonymt.<\/p><p><strong>Google Analytics:<br \/><\/strong>Analytiske cookies bruges til at forst\u00e5, hvordan bes\u00f8gende interagerer med hjemmesiden. Disse cookies leverer information om en r\u00e6kke parametre, s\u00e5som antal bes\u00f8gende, afvisningsprocent, trafikkilde mv. Det g\u00f8r vi for at kunne optimere vores design, brugervenlighed og effektiviteten af hjemmesiden. Derudover bruger vi oplysningerne til at give dig personaliseret indhold og udarbejde markedsanalyser.<\/p><p><strong>Google Tag Manager:<\/strong><br \/>Google Tag Manager anvendes for at indsamle informationer omkring din adf\u00e6rd, mens du bes\u00f8ger vores site. Det indeb\u00e6rer f.eks. hvilke sider du bes\u00f8ger og hvilke knapper du trykker p\u00e5. Denne data anvendes ogs\u00e5 i forbindelse med Google Analytics.<\/p><p><strong>Facebook Pixel:<br \/><\/strong>Vi anvender Facebook Pixel til at indsamle data brugeradf\u00e6rd fra Facebook til vores site. Informationerne bruges ogs\u00e5 til personaliseret marketing p\u00e5 Facebook for vores hjemmesidebes\u00f8gende.<strong><br \/><\/strong><\/p><p><strong>GDPR Cookie Consent:<br \/><\/strong>Denne cookie indsamler data om, hvorvidt brugere tillader cookies eller ej. Der indsamles ingen personlig data.<\/p><\/div><h3>Hvordan afviser eller sletter jeg cookies?<\/h3><div><p>Du kan altid afvise cookies p\u00e5 din enhed ved at \u00e6ndre indstillingerne i din browser. Hvor du finder indstillingerne afh\u00e6nger af, hvilken browser du anvender. V\u00e6r dog opm\u00e6rksom p\u00e5, at hvis du g\u00f8r det, er der mange funktioner og services, du ikke kan bruge\u00a0<\/p><p><a href=\"https:\/\/tools.google.com\/dlpage\/gaoptout\">Du kan frav\u00e6lge cookies fra Google Analytics her.<\/a><\/p><h4>Sletning af cookies i din browser<\/h4><p>Har du tidligere accepteret cookies, som du efterf\u00f8lgende \u00f8nsker at slette, kan du l\u00e6se mere om det her. P\u00e5 en PC med en nyere browser, kan du slette cookies ved at bruge genvejstasterne: CTRL + SHIFT + Delete.<\/p><p>Hvis ikke du virker og\/eller hvis du bruger en MAC, kan du l\u00e6se mere om, hvordan du sletter cookies i de enkelte browsere her:<\/p><ul><li><a href=\"https:\/\/support.google.com\/chrome\/answer\/95647?hl=en\" target=\"_blank\" rel=\"noopener\">Google Chrome<\/a><\/li><li><a href=\"https:\/\/support.apple.com\/en-us\/HT201265\" target=\"_blank\" rel=\"noopener\">Safari<\/a><\/li><li><a href=\"https:\/\/support.microsoft.com\/en-us\/help\/17442\/windows-internet-explorer-delete-manage-cookies#ie=ie-11\" target=\"_blank\" rel=\"noopener\">Internet Explorer<\/a><\/li><li><a href=\"https:\/\/support.mozilla.org\/en-US\/kb\/delete-cookies-remove-info-websites-stored\" target=\"_blank\" rel=\"noopener\">Mozilla Firefox<\/a><\/li><li><a href=\"https:\/\/www.opera.com\/help\/tutorials\/security\/cookies\" target=\"_blank\" rel=\"noopener\">Opera<\/a><\/li><li><a href=\"https:\/\/www.macromedia.com\/support\/documentation\/en\/flashplayer\/help\/settings_manager07.html\" target=\"_blank\" rel=\"noopener\">Flash cookies<\/a><\/li><li><a href=\"https:\/\/support.apple.com\/en-us\/HT1677\" target=\"_blank\" rel=\"noopener\">Apple<\/a><\/li><li><a href=\"https:\/\/timeread.hubpages.com\/hub\/How-to-delete-internet-cookies-on-your-Droid-or-any-Android-device\" target=\"_blank\" rel=\"noopener\">Android<\/a><\/li><li><a href=\"https:\/\/support.microsoft.com\/en-us\/help\/11696\/windows-phone-7\" target=\"_blank\" rel=\"noopener\">Windows 7<\/a><\/li><\/ul><p>Husk: Hvis du bruger flere Internet-browsere, skal du slette cookies i dem alle.<\/p><\/div><\/div><\/div>\t\t\t\t\t\t\t\t<\/div>\n\t\t\t\t<\/div>\n\t\t\t\t\t<\/div>\n\t\t<\/div>\n\t\t\t\t\t<\/div>\n\t\t<\/section>\n\t\t\t\t<\/div>","protected":false},"excerpt":{"rendered":"<p>Cookie Policy About this cookie policy This Cookie Policy explains what cookies are and how we use them, the types of cookies we use i.e, the information we collect using cookies and how that information is used, and how to control the cookie preferences. For further information on how we use, store, and keep your [&hellip;]<\/p>","protected":false},"author":1,"featured_media":0,"parent":0,"menu_order":0,"comment_status":"closed","ping_status":"closed","template":"","meta":{"site-sidebar-layout":"no-sidebar","site-content-layout":"plain-container","ast-site-content-layout":"","site-content-style":"default","site-sidebar-style":"default","ast-global-header-display":"","ast-banner-title-visibility":"","ast-main-header-display":"","ast-hfb-above-header-display":"","ast-hfb-below-header-display":"","ast-hfb-mobile-header-display":"","site-post-title":"","ast-breadcrumbs-content":"","ast-featured-img":"","footer-sml-layout":"","theme-transparent-header-meta":"default","adv-header-id-meta":"","stick-header-meta":"","header-above-stick-meta":"","header-main-stick-meta":"","header-below-stick-meta":"","astra-migrate-meta-layouts":"default","ast-page-background-enabled":"default","ast-page-background-meta":{"desktop":{"background-color":"","background-image":"","background-repeat":"repeat","background-position":"center center","background-size":"auto","background-attachment":"scroll","background-type":"","background-media":"","overlay-type":"","overlay-color":"","overlay-opacity":"","overlay-gradient":""},"tablet":{"background-color":"","background-image":"","background-repeat":"repeat","background-position":"center center","background-size":"auto","background-attachment":"scroll","background-type":"","background-media":"","overlay-type":"","overlay-color":"","overlay-opacity":"","overlay-gradient":""},"mobile":{"background-color":"","background-image":"","background-repeat":"repeat","background-position":"center center","background-size":"auto","background-attachment":"scroll","background-type":"","background-media":"","overlay-type":"","overlay-color":"","overlay-opacity":"","overlay-gradient":""}},"ast-content-background-meta":{"desktop":{"background-color":"var(--ast-global-color-5)","background-image":"","background-repeat":"repeat","background-position":"center center","background-size":"auto","background-attachment":"scroll","background-type":"","background-media":"","overlay-type":"","overlay-color":"","overlay-opacity":"","overlay-gradient":""},"tablet":{"background-color":"var(--ast-global-color-5)","background-image":"","background-repeat":"repeat","background-position":"center center","background-size":"auto","background-attachment":"scroll","background-type":"","background-media":"","overlay-type":"","overlay-color":"","overlay-opacity":"","overlay-gradient":""},"mobile":{"background-color":"var(--ast-global-color-5)","background-image":"","background-repeat":"repeat","background-position":"center center","background-size":"auto","background-attachment":"scroll","background-type":"","background-media":"","overlay-type":"","overlay-color":"","overlay-opacity":"","overlay-gradient":""}},"footnotes":""},"class_list":["post-1470","page","type-page","status-publish","hentry"],"yoast_head":"<!-- This site is optimized with the Yoast SEO plugin v26.5 - https:\/\/yoast.com\/wordpress\/plugins\/seo\/ -->\n<title>Cookie Policy - Blue Ice Explorer<\/title>\n<meta name=\"description\" content=\"Read the Cookie Policy of Blue Ice Explorer, and learn more about the types of cookies we use on our website.\" \/>\n<meta name=\"robots\" content=\"index, follow, max-snippet:-1, max-image-preview:large, max-video-preview:-1\" \/>\n<link rel=\"canonical\" href=\"https:\/\/blueiceexplorer.gl\/da\/cookie-policy\/\" \/>\n<meta property=\"og:locale\" content=\"da_DK\" \/>\n<meta property=\"og:type\" content=\"article\" \/>\n<meta property=\"og:title\" content=\"Cookie Policy - Blue Ice Explorer\" \/>\n<meta property=\"og:description\" content=\"Read the Cookie Policy of Blue Ice Explorer, and learn more about the types of cookies we use on our website.\" \/>\n<meta property=\"og:url\" content=\"https:\/\/blueiceexplorer.gl\/da\/cookie-policy\/\" \/>\n<meta property=\"og:site_name\" content=\"Blue Ice Explorer\" \/>\n<meta property=\"article:publisher\" content=\"https:\/\/www.facebook.com\/Blue-Ice-Explorer-159167154147864\" \/>\n<meta property=\"article:modified_time\" content=\"2021-07-27T08:34:25+00:00\" \/>\n<meta name=\"twitter:card\" content=\"summary_large_image\" \/>\n<meta name=\"twitter:label1\" content=\"Estimeret l\u00e6setid\" \/>\n\t<meta name=\"twitter:data1\" content=\"3 minutter\" \/>\n<script type=\"application\/ld+json\" class=\"yoast-schema-graph\">{\"@context\":\"https:\/\/schema.org\",\"@graph\":[{\"@type\":\"WebPage\",\"@id\":\"https:\/\/blueiceexplorer.gl\/cookie-policy\/\",\"url\":\"https:\/\/blueiceexplorer.gl\/cookie-policy\/\",\"name\":\"Cookie Policy - Blue Ice Explorer\",\"isPartOf\":{\"@id\":\"https:\/\/blueiceexplorer.gl\/#website\"},\"datePublished\":\"2021-06-21T12:43:41+00:00\",\"dateModified\":\"2021-07-27T08:34:25+00:00\",\"description\":\"Read the Cookie Policy of Blue Ice Explorer, and learn more about the types of cookies we use on our website.\",\"breadcrumb\":{\"@id\":\"https:\/\/blueiceexplorer.gl\/cookie-policy\/#breadcrumb\"},\"inLanguage\":\"da-DK\",\"potentialAction\":[{\"@type\":\"ReadAction\",\"target\":[\"https:\/\/blueiceexplorer.gl\/cookie-policy\/\"]}]},{\"@type\":\"BreadcrumbList\",\"@id\":\"https:\/\/blueiceexplorer.gl\/cookie-policy\/#breadcrumb\",\"itemListElement\":[{\"@type\":\"ListItem\",\"position\":1,\"name\":\"Home\",\"item\":\"https:\/\/blueiceexplorer.gl\/\"},{\"@type\":\"ListItem\",\"position\":2,\"name\":\"Cookie Policy\"}]},{\"@type\":\"WebSite\",\"@id\":\"https:\/\/blueiceexplorer.gl\/#website\",\"url\":\"https:\/\/blueiceexplorer.gl\/\",\"name\":\"Blue Ice Explorer\",\"description\":\"Explore South Greenland\",\"publisher\":{\"@id\":\"https:\/\/blueiceexplorer.gl\/#organization\"},\"potentialAction\":[{\"@type\":\"SearchAction\",\"target\":{\"@type\":\"EntryPoint\",\"urlTemplate\":\"https:\/\/blueiceexplorer.gl\/?s={search_term_string}\"},\"query-input\":{\"@type\":\"PropertyValueSpecification\",\"valueRequired\":true,\"valueName\":\"search_term_string\"}}],\"inLanguage\":\"da-DK\"},{\"@type\":\"Organization\",\"@id\":\"https:\/\/blueiceexplorer.gl\/#organization\",\"name\":\"Blue Ice Explorer\",\"url\":\"https:\/\/blueiceexplorer.gl\/\",\"logo\":{\"@type\":\"ImageObject\",\"inLanguage\":\"da-DK\",\"@id\":\"https:\/\/blueiceexplorer.gl\/#\/schema\/logo\/image\/\",\"url\":\"https:\/\/blueiceexplorer.gl\/wp-content\/uploads\/2021\/03\/Logo_Blue_Ice_Explorer_neg.png\",\"contentUrl\":\"https:\/\/blueiceexplorer.gl\/wp-content\/uploads\/2021\/03\/Logo_Blue_Ice_Explorer_neg.png\",\"width\":541,\"height\":180,\"caption\":\"Blue Ice Explorer\"},\"image\":{\"@id\":\"https:\/\/blueiceexplorer.gl\/#\/schema\/logo\/image\/\"},\"sameAs\":[\"https:\/\/www.facebook.com\/Blue-Ice-Explorer-159167154147864\",\"https:\/\/www.instagram.com\/blueiceexplorer\/\",\"https:\/\/www.youtube.com\/channel\/UC4apGWqY0ebZan0Sg-xjsjg\"]}]}<\/script>\n<!-- \/ Yoast SEO plugin. -->","yoast_head_json":{"title":"Cookie Policy - Blue Ice Explorer","description":"Read the Cookie Policy of Blue Ice Explorer, and learn more about the types of cookies we use on our website.","robots":{"index":"index","follow":"follow","max-snippet":"max-snippet:-1","max-image-preview":"max-image-preview:large","max-video-preview":"max-video-preview:-1"},"canonical":"https:\/\/blueiceexplorer.gl\/da\/cookie-policy\/","og_locale":"da_DK","og_type":"article","og_title":"Cookie Policy - Blue Ice Explorer","og_description":"Read the Cookie Policy of Blue Ice Explorer, and learn more about the types of cookies we use on our website.","og_url":"https:\/\/blueiceexplorer.gl\/da\/cookie-policy\/","og_site_name":"Blue Ice Explorer","article_publisher":"https:\/\/www.facebook.com\/Blue-Ice-Explorer-159167154147864","article_modified_time":"2021-07-27T08:34:25+00:00","twitter_card":"summary_large_image","twitter_misc":{"Estimeret l\u00e6setid":"3 minutter"},"schema":{"@context":"https:\/\/schema.org","@graph":[{"@type":"WebPage","@id":"https:\/\/blueiceexplorer.gl\/cookie-policy\/","url":"https:\/\/blueiceexplorer.gl\/cookie-policy\/","name":"Cookie Policy - Blue Ice Explorer","isPartOf":{"@id":"https:\/\/blueiceexplorer.gl\/#website"},"datePublished":"2021-06-21T12:43:41+00:00","dateModified":"2021-07-27T08:34:25+00:00","description":"Read the Cookie Policy of Blue Ice Explorer, and learn more about the types of cookies we use on our website.","breadcrumb":{"@id":"https:\/\/blueiceexplorer.gl\/cookie-policy\/#breadcrumb"},"inLanguage":"da-DK","potentialAction":[{"@type":"ReadAction","target":["https:\/\/blueiceexplorer.gl\/cookie-policy\/"]}]},{"@type":"BreadcrumbList","@id":"https:\/\/blueiceexplorer.gl\/cookie-policy\/#breadcrumb","itemListElement":[{"@type":"ListItem","position":1,"name":"Home","item":"https:\/\/blueiceexplorer.gl\/"},{"@type":"ListItem","position":2,"name":"Cookie Policy"}]},{"@type":"WebSite","@id":"https:\/\/blueiceexplorer.gl\/#website","url":"https:\/\/blueiceexplorer.gl\/","name":"Blue Ice Explorer","description":"Explore South Greenland","publisher":{"@id":"https:\/\/blueiceexplorer.gl\/#organization"},"potentialAction":[{"@type":"SearchAction","target":{"@type":"EntryPoint","urlTemplate":"https:\/\/blueiceexplorer.gl\/?s={search_term_string}"},"query-input":{"@type":"PropertyValueSpecification","valueRequired":true,"valueName":"search_term_string"}}],"inLanguage":"da-DK"},{"@type":"Organization","@id":"https:\/\/blueiceexplorer.gl\/#organization","name":"Blue Ice Explorer","url":"https:\/\/blueiceexplorer.gl\/","logo":{"@type":"ImageObject","inLanguage":"da-DK","@id":"https:\/\/blueiceexplorer.gl\/#\/schema\/logo\/image\/","url":"https:\/\/blueiceexplorer.gl\/wp-content\/uploads\/2021\/03\/Logo_Blue_Ice_Explorer_neg.png","contentUrl":"https:\/\/blueiceexplorer.gl\/wp-content\/uploads\/2021\/03\/Logo_Blue_Ice_Explorer_neg.png","width":541,"height":180,"caption":"Blue Ice Explorer"},"image":{"@id":"https:\/\/blueiceexplorer.gl\/#\/schema\/logo\/image\/"},"sameAs":["https:\/\/www.facebook.com\/Blue-Ice-Explorer-159167154147864","https:\/\/www.instagram.com\/blueiceexplorer\/","https:\/\/www.youtube.com\/channel\/UC4apGWqY0ebZan0Sg-xjsjg"]}]}},"_links":{"self":[{"href":"https:\/\/blueiceexplorer.gl\/da\/wp-json\/wp\/v2\/pages\/1470","targetHints":{"allow":["GET"]}}],"collection":[{"href":"https:\/\/blueiceexplorer.gl\/da\/wp-json\/wp\/v2\/pages"}],"about":[{"href":"https:\/\/blueiceexplorer.gl\/da\/wp-json\/wp\/v2\/types\/page"}],"author":[{"embeddable":true,"href":"https:\/\/blueiceexplorer.gl\/da\/wp-json\/wp\/v2\/users\/1"}],"replies":[{"embeddable":true,"href":"https:\/\/blueiceexplorer.gl\/da\/wp-json\/wp\/v2\/comments?post=1470"}],"version-history":[{"count":14,"href":"https:\/\/blueiceexplorer.gl\/da\/wp-json\/wp\/v2\/pages\/1470\/revisions"}],"predecessor-version":[{"id":1497,"href":"https:\/\/blueiceexplorer.gl\/da\/wp-json\/wp\/v2\/pages\/1470\/revisions\/1497"}],"wp:attachment":[{"href":"https:\/\/blueiceexplorer.gl\/da\/wp-json\/wp\/v2\/media?parent=1470"}],"curies":[{"name":"wp","href":"https:\/\/api.w.org\/{rel}","templated":true}]}}